{"id":535,"date":"2025-06-24T19:10:02","date_gmt":"2025-06-24T19:10:02","guid":{"rendered":"http:\/\/cpcacambay.org.mx\/wp\/?page_id=535"},"modified":"2025-06-24T19:10:50","modified_gmt":"2025-06-24T19:10:50","slug":"quienes-somos","status":"publish","type":"page","link":"https:\/\/cpcacambay.org.mx\/wp\/quienes-somos\/","title":{"rendered":"Qui\u00e9nes somos"},"content":{"rendered":"\n<section style=\"background-color: #f2f2f2; padding: 30px; font-family: Arial, sans-serif; line-height: 1.6;\">\n  <h2 style=\"color: #333;\">COMIT\u00c9 DE PARTICIPACI\u00d3N CIUDADANA<\/h2>\n  <h3 style=\"color: #444;\">ANTECEDENTES<\/h3>\n\n  <p>La Ley General del Sistema Nacional Anticorrupci\u00f3n (SNA) en M\u00e9xico tiene sus ra\u00edces en una reforma constitucional de 2015, que buscaba establecer un sistema integral para combatir la corrupci\u00f3n. Esta reforma, junto con otras leyes secundarias, define las bases para la coordinaci\u00f3n entre los diferentes \u00f3rdenes de gobierno en la prevenci\u00f3n, investigaci\u00f3n y sanci\u00f3n de actos de corrupci\u00f3n.<\/p>\n\n  <p>En atenci\u00f3n al decreto publicado el 27 de mayo de 2015, a trav\u00e9s del cual se reform\u00f3 el art\u00edculo 113 de la Constituci\u00f3n Pol\u00edtica de los Estados Unidos Mexicanos, en el sentido que se estableci\u00f3 el Sistema Nacional Anticorrupci\u00f3n, toda vez que el transitorio cuarto de dicha reforma constitucional, previ\u00f3 que las Legislaturas de los Estados deber\u00edan expedir las leyes y realizar las adecuaciones normativas necesarias.<\/p>\n\n  <p>Por lo que el Estado de M\u00e9xico, oportunamente y en cumplimiento al orden constitucional, a trav\u00e9s del decreto contenido en el peri\u00f3dico oficial \u201cGaceta del Gobierno\u201d, public\u00f3 el 24 de abril de 2017 la reforma a nuestra Constituci\u00f3n Pol\u00edtica del Estado Libre y Soberano de M\u00e9xico, respecto de la adecuaci\u00f3n del orden legislativo de la Entidad al aludido Sistema Nacional Anticorrupci\u00f3n.<\/p>\n\n  <p>En referencia a lo anterior se expide la Ley del Sistema Anticorrupci\u00f3n del Estado de M\u00e9xico y Municipios el 30 de mayo de 2017. En el cap\u00edtulo d\u00e9cimo de dicha ley se establece la creaci\u00f3n del Sistema Municipal Anticorrupci\u00f3n, siendo el Estado de M\u00e9xico pionero en la implementaci\u00f3n de dicho sistema, que ser\u00e1 la instancia de coordinaci\u00f3n y coadyuvancia con el Sistema Estatal Anticorrupci\u00f3n. Este sistema tiene por objeto establecer principios, bases generales, pol\u00edticas p\u00fablicas y procedimientos en la prevenci\u00f3n, detecci\u00f3n y sanci\u00f3n de faltas administrativas y hechos de corrupci\u00f3n, as\u00ed como coadyuvar con las autoridades competentes en la fiscalizaci\u00f3n y control de recursos p\u00fablicos en el \u00e1mbito municipal.<\/p>\n\n  <p>Adem\u00e1s, establece que en un t\u00e9rmino de 90 d\u00edas naturales los municipios deber\u00e1n designar a los integrantes de la comisi\u00f3n de selecci\u00f3n municipal, para la creaci\u00f3n de los sistemas municipales anticorrupci\u00f3n.<\/p>\n\n  <p>Dentro de ese orden de ideas, en el municipio de Acambay de Ru\u00edz Casta\u00f1eda se crea esa comisi\u00f3n de selecci\u00f3n para que a finales del a\u00f1o 2018 se instaurara el primer Sistema Municipal Anticorrupci\u00f3n, contando ya con sus dos comit\u00e9s:<\/p>\n\n  <ul>\n    <li><strong>Comit\u00e9 de Participaci\u00f3n Ciudadana:<\/strong> \n      <ul>\n        <li>Presidente: Lic. Edmundo Elpidio Plata Plata<\/li>\n        <li>Secretaria: Ing. Agr\u00f3nomo Andrea Mares Ortega<\/li>\n        <li>Vocal: Lic. Jes\u00fas Juan Morales Pe\u00f1a<\/li>\n      <\/ul>\n    <\/li>\n    <li><strong>Comit\u00e9 Coordinador:<\/strong>\n      <ul>\n        <li>Presidente: Lic. Edmundo Elpidio Plata Plata<\/li>\n        <li>Contralor Municipal: Lic. Hugo Sandoval Garc\u00eda<\/li>\n        <li>Titular de la Unidad de Transparencia: Lic. Leily Arely Ch\u00e1vez Ru\u00edz<\/li>\n      <\/ul>\n    <\/li>\n  <\/ul>\n<\/section>\n\n","protected":false},"excerpt":{"rendered":"<p>COMIT\u00c9 DE PARTICIPACI\u00d3N CIUDADANA ANTECEDENTES La Ley General del Sistema Nacional Anticorrupci\u00f3n (SNA) en M\u00e9xico tiene sus ra\u00edces en una reforma constitucional de 2015, que buscaba establecer un sistema integral para combatir la corrupci\u00f3n. Esta reforma, junto con otras leyes secundarias, define las bases para la coordinaci\u00f3n entre los diferentes \u00f3rdenes de gobierno en la&#8230;<\/p>\n","protected":false},"author":1,"featured_media":0,"parent":0,"menu_order":0,"comment_status":"closed","ping_status":"closed","template":"","meta":{"saved_in_kubio":false,"footnotes":""},"class_list":["post-535","page","type-page","status-publish","hentry"],"kubio_ai_page_context":{"short_desc":"","purpose":"general"},"_links":{"self":[{"href":"https:\/\/cpcacambay.org.mx\/wp\/wp-json\/wp\/v2\/pages\/535","targetHints":{"allow":["GET"]}}],"collection":[{"href":"https:\/\/cpcacambay.org.mx\/wp\/wp-json\/wp\/v2\/pages"}],"about":[{"href":"https:\/\/cpcacambay.org.mx\/wp\/wp-json\/wp\/v2\/types\/page"}],"author":[{"embeddable":true,"href":"https:\/\/cpcacambay.org.mx\/wp\/wp-json\/wp\/v2\/users\/1"}],"replies":[{"embeddable":true,"href":"https:\/\/cpcacambay.org.mx\/wp\/wp-json\/wp\/v2\/comments?post=535"}],"version-history":[{"count":3,"href":"https:\/\/cpcacambay.org.mx\/wp\/wp-json\/wp\/v2\/pages\/535\/revisions"}],"predecessor-version":[{"id":593,"href":"https:\/\/cpcacambay.org.mx\/wp\/wp-json\/wp\/v2\/pages\/535\/revisions\/593"}],"wp:attachment":[{"href":"https:\/\/cpcacambay.org.mx\/wp\/wp-json\/wp\/v2\/media?parent=535"}],"curies":[{"name":"wp","href":"https:\/\/api.w.org\/{rel}","templated":true}]}}