{"id":505,"date":"2025-03-26T17:45:55","date_gmt":"2025-03-26T17:45:55","guid":{"rendered":"http:\/\/cpcacambay.org.mx\/wp\/?page_id=505"},"modified":"2025-03-26T17:45:55","modified_gmt":"2025-03-26T17:45:55","slug":"integridad","status":"publish","type":"page","link":"https:\/\/cpcacambay.org.mx\/wp\/integridad\/","title":{"rendered":"Integridad"},"content":{"rendered":"\n<!DOCTYPE html>\n<html lang=\"es\">\n<head>\n    <meta charset=\"UTF-8\">\n    <meta name=\"viewport\" content=\"width=device-width, initial-scale=1.0\">\n    <title>Colecci\u00f3n Cuadernos de Integridad<\/title>\n    <style>\n        body {\n            font-family: Arial, sans-serif;\n            margin: 20px;\n            background-color: #f4f4f4;\n        }\n        .container {\n            background-color: #e0e0e0;\n            padding: 20px;\n            border-radius: 10px;\n            max-width: 800px;\n            margin: auto;\n        }\n        h2 {\n            color: #333;\n        }\n        ul {\n            list-style-type: none;\n            padding: 0;\n        }\n        li {\n            margin-bottom: 10px;\n        }\n        a {\n            text-decoration: none;\n            color: #007bff;\n        }\n        a:hover {\n            text-decoration: underline;\n        }\n    <\/style>\n<\/head>\n<body>\n    <div class=\"container\">\n        <h2>Les presentamos la COLECCI\u00d3N CUADERNOS DE INTEGRIDAD PARA LAS ORGANIZACIONES<\/h2>\n        <p>Una publicaci\u00f3n de 15 n\u00fameros que pueden descargar gratuitamente o, si los prefieren en f\u00edsico, adquirir en la UAEM\u00e9x.<\/p>\n        <ul>\n            <li>1. <a href=\"http:\/\/ri.uaemex.mx\/handle\/20.500.11799\/58219\" target=\"_blank\">Lineamientos para la construcci\u00f3n de un Buen Gobierno<\/a><\/li>\n            <li>2. <a href=\"http:\/\/ri.uaemex.mx\/handle\/20.500.11799\/58231\" target=\"_blank\">Valores democr\u00e1ticos y perfil del servidor p\u00fablico en el sistema de cargos de las comunidades tradicionales mexicanas<\/a><\/li>\n            <li>3. <a href=\"http:\/\/ri.uaemex.mx\/handle\/20.500.11799\/58230\" target=\"_blank\">Componentes para un Sistema Nacional Anticorrupci\u00f3n desde un enfoque \u00e9tico<\/a><\/li>\n            <li>4. <a href=\"http:\/\/ri.uaemex.mx\/handle\/20.500.11799\/138539\" target=\"_blank\">Medidas para prevenir y controlar la corrupci\u00f3n. El caso de Finlandia<\/a><\/li>\n            <li>5. <a href=\"http:\/\/ri.uaemex.mx\/handle\/20.500.11799\/138535\" target=\"_blank\">M\u00e1ximas de Arist\u00f3teles para la pol\u00edtica y el Buen Gobierno<\/a><\/li>\n            <li>6. <a href=\"http:\/\/ri.uaemex.mx\/handle\/20.500.11799\/139354\" target=\"_blank\">Del esp\u00edritu de servicio p\u00fablico al esp\u00edritu del capitalismo&#8230;<\/a><\/li>\n            <li>7. <a href=\"http:\/\/ri.uaemex.mx\/handle\/20.500.11799\/139352\" target=\"_blank\">Cien a\u00f1os de corrupci\u00f3n en M\u00e9xico (1917-2017)<\/a><\/li>\n            <li>8. <a href=\"http:\/\/ri.uaemex.mx\/handle\/20.500.11799\/68823\" target=\"_blank\">Reflexiones en torno a la creaci\u00f3n del SNA de M\u00e9xico (2016)<\/a><\/li>\n            <li>9. <a href=\"http:\/\/ri.uaemex.mx\/handle\/20.500.11799\/68824\" target=\"_blank\">\u00bfC\u00f3mo abordar la corrupci\u00f3n? Una v\u00eda a trav\u00e9s de la \u00e9tica p\u00fablica<\/a><\/li>\n            <li>10. <a href=\"http:\/\/ri.uaemex.mx\/handle\/20.500.11799\/66268\" target=\"_blank\">De la democracia corrupta a la democracia \u00e9tica<\/a><\/li>\n            <li>11. <a href=\"http:\/\/hdl.handle.net\/20.500.11799\/140859\" target=\"_blank\">Perfil \u00e9tico en la profesionalizaci\u00f3n de los servidores p\u00fablicos<\/a><\/li>\n            <li>12. <a href=\"http:\/\/hdl.handle.net\/20.500.11799\/140860\" target=\"_blank\">Mitos de la corrupci\u00f3n y mecanismos para su prevenci\u00f3n<\/a><\/li>\n            <li>13. <a href=\"http:\/\/hdl.handle.net\/20.500.11799\/140861\" target=\"_blank\">Un ejemplo de buen gobierno: la gesti\u00f3n del ayuntamiento de Madrid (2015-2019)<\/a><\/li>\n            <li>14. <a href=\"http:\/\/hdl.handle.net\/20.500.11799\/140862\" target=\"_blank\">\u00c9tica y reeducaci\u00f3n para la madurez ciudadana<\/a><\/li>\n            <li>15. <a href=\"http:\/\/hdl.handle.net\/20.500.11799\/140863\" target=\"_blank\">\u00c9tica confuciana. Las ense\u00f1anzas de Confucio para el servicio p\u00fablico<\/a><\/li>\n        <\/ul>\n    <\/div>\n<\/body>\n<\/html>\n\n","protected":false},"excerpt":{"rendered":"<p>Colecci\u00f3n Cuadernos de Integridad Les presentamos la COLECCI\u00d3N CUADERNOS DE INTEGRIDAD PARA LAS ORGANIZACIONES Una publicaci\u00f3n de 15 n\u00fameros que pueden descargar gratuitamente o, si los prefieren en f\u00edsico, adquirir en la UAEM\u00e9x. 1. Lineamientos para la construcci\u00f3n de un Buen Gobierno 2. Valores democr\u00e1ticos y perfil del servidor p\u00fablico en el sistema de cargos&#8230;<\/p>\n","protected":false},"author":1,"featured_media":0,"parent":0,"menu_order":0,"comment_status":"closed","ping_status":"closed","template":"","meta":{"saved_in_kubio":false,"footnotes":""},"class_list":["post-505","page","type-page","status-publish","hentry"],"kubio_ai_page_context":{"short_desc":"","purpose":"general"},"_links":{"self":[{"href":"https:\/\/cpcacambay.org.mx\/wp\/wp-json\/wp\/v2\/pages\/505","targetHints":{"allow":["GET"]}}],"collection":[{"href":"https:\/\/cpcacambay.org.mx\/wp\/wp-json\/wp\/v2\/pages"}],"about":[{"href":"https:\/\/cpcacambay.org.mx\/wp\/wp-json\/wp\/v2\/types\/page"}],"author":[{"embeddable":true,"href":"https:\/\/cpcacambay.org.mx\/wp\/wp-json\/wp\/v2\/users\/1"}],"replies":[{"embeddable":true,"href":"https:\/\/cpcacambay.org.mx\/wp\/wp-json\/wp\/v2\/comments?post=505"}],"version-history":[{"count":1,"href":"https:\/\/cpcacambay.org.mx\/wp\/wp-json\/wp\/v2\/pages\/505\/revisions"}],"predecessor-version":[{"id":506,"href":"https:\/\/cpcacambay.org.mx\/wp\/wp-json\/wp\/v2\/pages\/505\/revisions\/506"}],"wp:attachment":[{"href":"https:\/\/cpcacambay.org.mx\/wp\/wp-json\/wp\/v2\/media?parent=505"}],"curies":[{"name":"wp","href":"https:\/\/api.w.org\/{rel}","templated":true}]}}