{"id":445,"date":"2025-03-11T14:37:46","date_gmt":"2025-03-11T14:37:46","guid":{"rendered":"http:\/\/cpcacambay.org.mx\/wp\/?page_id=445"},"modified":"2025-03-12T01:43:24","modified_gmt":"2025-03-12T01:43:24","slug":"identidad-y-cultura","status":"publish","type":"page","link":"http:\/\/cpcacambay.org.mx\/wp\/identidad-y-cultura\/","title":{"rendered":"Identidad y Cultura"},"content":{"rendered":"\n<!DOCTYPE html>\n<!DOCTYPE html>\n<html lang=\"es\">\n<head>\n    <meta charset=\"UTF-8\">\n    <meta name=\"viewport\" content=\"width=device-width, initial-scale=1.0\">\n    <title>Identidad y Cultura<\/title>\n    <style>\n        body {\n            font-family: Arial, sans-serif;\n            margin: 20px;\n            padding: 0;\n            text-align: center;\n        }\n        .container {\n            max-width: 800px;\n            margin: auto;\n            text-align: justify;\n        }\n        .gallery {\n            display: flex;\n            flex-wrap: wrap;\n            justify-content: center;\n            gap: 10px;\n            margin-top: 20px;\n        }\n        .gallery img {\n            width: 300px;\n            height: 200px;\n            border-radius: 5px;\n        }\n        .download-link {\n            background-color: #333;\n            color: white;\n            padding: 10px;\n            display: block;\n            text-align: center;\n            margin-top: 20px;\n            text-decoration: none;\n            border-radius: 5px;\n        }\n    <\/style>\n<\/head>\n<body>\n    <div class=\"container\">\n        \n        <p>Bienvenidos a nuestra secci\u00f3n de Identidad y Cultura, donde exploramos la riqueza hist\u00f3rica, cultural y geogr\u00e1fica de nuestra tierra. Aqu\u00ed encontrar\u00e1s informaci\u00f3n sobre nuestras tradiciones, costumbres y el legado que nos define.<\/p>\n        \n        <h2 style=\"text-align: center;\">S\u00edntesis Hist\u00f3rica de Acambay de Ruiz Casta\u00f1eda<\/h2>\n        <p>Acambay es un pueblo muy antiguo, restos f\u00f3siles de fauna prehist\u00f3rica y humana as\u00ed lo atestiguan&#8230;<\/p>\n        \n        <h2 style=\"text-align: center;\">El Graben de Acambay<\/h2>\n        <p>El famoso y conocido graben de Acambay del que todo aquel que estudia geolog\u00eda, vulcanolog\u00eda y m\u00e1s est\u00e1 obligado a conocer&#8230;<\/p>\n        \n        <h2 style=\"text-align: center;\">Galer\u00eda<\/h2>\n        <div class=\"gallery\">\n            <img decoding=\"async\" src=\"http:\/\/cpcacambay.org.mx\/wp\/wp-content\/uploads\/2025\/03\/sismo_002.png\" alt=\"Descripci\u00f3n de la imagen 1\">\n            <img decoding=\"async\" src=\"http:\/\/cpcacambay.org.mx\/wp\/wp-content\/uploads\/2025\/03\/sismo_001.png\" alt=\"Descripci\u00f3n de la imagen 2\">\n            <img decoding=\"async\" src=\"http:\/\/cpcacambay.org.mx\/wp\/wp-content\/uploads\/2025\/03\/Acambay_001.png\" alt=\"Descripci\u00f3n de la imagen 3\">\n        <\/div>\n        \n        <h2 style=\"text-align: center;\">El Sismo de 1912 en Acambay<\/h2>\n        <a href=\"http:\/\/cpcacambay.org.mx\/wp\/wp-content\/uploads\/2025\/03\/EL-SISMO-DE-1912.pdf\" class=\"download-link\">Consulta la informaci\u00f3n acerca del Sismo de 1912 en Acambay. Aportaci\u00f3n del Cronista de Acambay Edgar Serrano P\u00e9rez. <span style=\"color: yellow;\">Versi\u00f3n descargable en PDF<\/span>.<\/a>\n        \n        <h2 style=\"text-align: center;\">Informaci\u00f3n de Lugares en Acambay<\/h2>\n<a href=\"http:\/\/cpcacambay.org.mx\/wp\/wp-content\/uploads\/2025\/03\/ACAMBAY-INFORMACION-DE-LUGARES-2_124051.pdf\" class=\"download-link\">\n  Consulta la informaci\u00f3n acerca de los lugares de inter\u00e9s en Acambay. <span style=\"color: yellow;\">Versi\u00f3n descargable en PDF<\/span>.\n<\/a>\n\n        <h2 style=\"text-align: center;\">Acambay, informaci\u00f3n geogr\u00e1fica<\/h2>\n<a href=\"http:\/\/cpcacambay.org.mx\/wp\/wp-content\/uploads\/2025\/03\/ACAMBAY-INFORMACION-GEOGRAFICA_124351.pdf\" class=\"download-link\">\n  Consulta la informaci\u00f3n geogr\u00e1fica de Acambay. <span style=\"color: yellow;\">Versi\u00f3n descargable en PDF<\/span>.\n<\/a>\n\n<h2 style=\"text-align: center;\">Antecedentes Culturales de Acambay<\/h2>\n<a href=\"http:\/\/cpcacambay.org.mx\/wp\/wp-content\/uploads\/2025\/03\/ANTECEDENTES-CULTURALES-DE-ACAMBAY_124633.pdf\" class=\"download-link\">\n  Consulta la informaci\u00f3n de Antecedentes Culturales de Acambay. <span style=\"color: yellow;\">Versi\u00f3n descargable en PDF<\/span>.\n<\/a>\n\n<h2 style=\"text-align: center;\">Diagn\u00f3stico Cultural del Municipio de Acambay de Ruiz Casta\u00f1eda<\/h2>\n<a href=\"http:\/\/cpcacambay.org.mx\/wp\/wp-content\/uploads\/2025\/03\/DIAGNOSTICO-CULTURAL-DEL-MUNICIPIO-DE-ACAMBAY-DE-RUIZ-CASTANEDA_124923.pdf\" class=\"download-link\">\n  Consulta la informaci\u00f3n del  Diagn\u00f3stico Cultural del Municipio de Acambay de Ruiz Casta\u00f1eda. Por Edgar Serrano P\u00e9rez, Cronista Municipal. <span style=\"color: yellow;\">Versi\u00f3n descargable en PDF<\/span>.\n<\/a>\n    <\/div>\n<\/body>\n<\/html>\n\n\n\n<p><\/p>\n","protected":false},"excerpt":{"rendered":"<p>Identidad y Cultura Bienvenidos a nuestra secci\u00f3n de Identidad y Cultura, donde exploramos la riqueza hist\u00f3rica, cultural y geogr\u00e1fica de nuestra tierra. Aqu\u00ed encontrar\u00e1s informaci\u00f3n sobre nuestras tradiciones, costumbres y el legado que nos define. S\u00edntesis Hist\u00f3rica de Acambay de Ruiz Casta\u00f1eda Acambay es un pueblo muy antiguo, restos f\u00f3siles de fauna prehist\u00f3rica y humana&#8230;<\/p>\n","protected":false},"author":1,"featured_media":0,"parent":0,"menu_order":0,"comment_status":"closed","ping_status":"closed","template":"","meta":{"saved_in_kubio":false,"footnotes":""},"class_list":["post-445","page","type-page","status-publish","hentry"],"kubio_ai_page_context":{"short_desc":"","purpose":"general"},"_links":{"self":[{"href":"http:\/\/cpcacambay.org.mx\/wp\/wp-json\/wp\/v2\/pages\/445","targetHints":{"allow":["GET"]}}],"collection":[{"href":"http:\/\/cpcacambay.org.mx\/wp\/wp-json\/wp\/v2\/pages"}],"about":[{"href":"http:\/\/cpcacambay.org.mx\/wp\/wp-json\/wp\/v2\/types\/page"}],"author":[{"embeddable":true,"href":"http:\/\/cpcacambay.org.mx\/wp\/wp-json\/wp\/v2\/users\/1"}],"replies":[{"embeddable":true,"href":"http:\/\/cpcacambay.org.mx\/wp\/wp-json\/wp\/v2\/comments?post=445"}],"version-history":[{"count":17,"href":"http:\/\/cpcacambay.org.mx\/wp\/wp-json\/wp\/v2\/pages\/445\/revisions"}],"predecessor-version":[{"id":472,"href":"http:\/\/cpcacambay.org.mx\/wp\/wp-json\/wp\/v2\/pages\/445\/revisions\/472"}],"wp:attachment":[{"href":"http:\/\/cpcacambay.org.mx\/wp\/wp-json\/wp\/v2\/media?parent=445"}],"curies":[{"name":"wp","href":"https:\/\/api.w.org\/{rel}","templated":true}]}}